{"id":15,"date":"2012-06-08T12:10:42","date_gmt":"2012-06-08T12:10:42","guid":{"rendered":"http:\/\/www.haleh-gallery.com\/?page_id=15"},"modified":"2019-10-28T10:52:36","modified_gmt":"2019-10-28T09:52:36","slug":"press","status":"publish","type":"page","link":"http:\/\/www.haleh-gallery.com\/de\/press\/","title":{"rendered":"Presse"},"content":{"rendered":"<p><\/p>\n<h2>Press<\/h2>\n<p><a href=\"http:\/\/www.haleh-gallery.com\/wp-content\/uploads\/2012\/06\/20180925.SZPST01125_011_NE.pdf\">20180925.SZPST01125_011_NE<\/a><\/p>\n<p><a href=\"http:\/\/www.haleh-gallery.com\/wp-content\/uploads\/2012\/06\/20180424.SZPWS03124_031_NE.pdf\">20180424.SZPWS03124_031_NE<\/a><\/p>\n<p><a href=\"http:\/\/anzeigestarnberg.sueddeutsche.de\/kulturbogen-28112017.html\">http:\/\/anzeigestarnberg.sueddeutsche.de\/kulturbogen-28112017.html<\/a><\/p>\n<p>http:\/\/www.iran-emrooz.net\/index.php\/politic2\/52575\/<\/p>\n<p><a href=\"http:\/\/www.haleh-gallery.com\/wp-content\/uploads\/2012\/06\/ABENDZEITUNG-WOCHENENDE-18.19.1.2014.pdf\">ABENDZEITUNG WOCHENENDE 18.:19.1.2014<\/a><\/p>\n<p><a href=\"http:\/\/www.haleh-gallery.com\/wp-content\/uploads\/2012\/06\/M\u00fcnchener-Merkur-Nr.13-Freitag-17.-Januar-2014.pdf\">M\u00fcnchener Merkur Nr.13: Freitag 17. Januar 2014<\/a><\/p>\n<p><a href=\"http:\/\/www.haleh-gallery.com\/wp-content\/uploads\/2012\/06\/S\u00fcddeutsche-Zeitung-Nr.284-Montag-9.Dezember-2013-LANDKREIS-STARNBERG.pdf\">S\u00fcddeutsche Zeitung Nr.284, Montag, 9.Dezember 2013 LANDKREIS STARNBERG<\/a><\/p>\n<ul>\n<li><a href=\"\/wp-content\/uploads\/2012\/08\/Zeitung.pdf\" target=\"_blank\" rel=\"noopener\">S\u00fcddeutsche Zeitung Nr. 155<\/a><\/li>\n<li><a href=\"\/wp-content\/uploads\/2012\/06\/SZ_36_12.pdf\">S\u00fcddeutsche Zeitung 36\/2012<\/a><\/li>\n<li><a href=\"\/wp-content\/uploads\/2012\/06\/Muencher_Kunstjournal.pdf\">&#8222;und&#8220; Das M\u00fcncher Kunstjournal 1\/2012<\/a><\/li>\n<li><a href=\"\/wp-content\/uploads\/2012\/06\/MF_12012.pdf\">M\u00fcncher Feuileton 1\/2012<\/a><\/li>\n<li><a href=\"\/wp-content\/uploads\/2012\/06\/3_.pdf\">S\u00fcddeutsche Zeitung<\/a><\/li>\n<li><a href=\"\/wp-content\/uploads\/2012\/06\/2_.pdf\">S\u00fcddeutsche Zeitung<\/a><\/li>\n<li><a href=\"\/wp-content\/uploads\/2012\/06\/weltkunst_1211.pdf\">Weltkunst 12\/2011<\/a><\/li>\n<li><a href=\"\/wp-content\/uploads\/2012\/06\/Arab_traveler_3_2011.pdf\">Arab Traveler 03\/2011<\/a><\/li>\n<li><a href=\"\/wp-content\/uploads\/2012\/06\/gallerie-haleh-artikel-Sueddeutsche_27052011.pdf\">27\/05\/2011 S\u00fcddeutsche Zeitung<\/a><\/li>\n<li><a href=\"\/wp-content\/uploads\/2012\/06\/SD105.pdf\">S\u00fcddeutsche Zeitung<\/a><\/li>\n<li>24\/02\/2011 S\u00fcddeutsche Zeitung<\/li>\n<li><a href=\"\/wp-content\/uploads\/2012\/06\/Sueddeutsche_02122010.pdf\">02\/12\/2010 S\u00fcddeutsche Zeitung<\/a><\/li>\n<li><a href=\"\/wp-content\/uploads\/2012\/06\/Zeitkunst_12-2010.pdf\">12\/2010 Zeitkunst<\/a><\/li>\n<li><a href=\"\/wp-content\/uploads\/2012\/06\/Sueddeutsche_Zeitung_15092010.pdf\">15\/09\/2010 S\u00fcddeutsche Zeitung<\/a><\/li>\n<li><a href=\"\/wp-content\/uploads\/2012\/06\/quh.twoday_11092010.pdf\">11\/09\/2010 quh.twoday<\/a><\/li>\n<\/ul>\n<p><\/p>","protected":false},"excerpt":{"rendered":"<p>Press 20180925.SZPST01125_011_NE 20180424.SZPWS03124_031_NE http:\/\/anzeigestarnberg.sueddeutsche.de\/kulturbogen-28112017.html http:\/\/www.iran-emrooz.net\/index.php\/politic2\/52575\/ ABENDZEITUNG WOCHENENDE 18.:19.1.2014 M\u00fcnchener Merkur Nr.13: Freitag 17. Januar 2014 S\u00fcddeutsche Zeitung Nr.284, Montag, 9.Dezember 2013 LANDKREIS STARNBERG S\u00fcddeutsche Zeitung Nr. 155 S\u00fcddeutsche Zeitung 36\/2012 &#8222;und&#8220; Das M\u00fcncher Kunstjournal 1\/2012 M\u00fcncher Feuileton 1\/2012 S\u00fcddeutsche Zeitung [&hellip;]<\/p>\n","protected":false},"author":1,"featured_media":0,"parent":0,"menu_order":5,"comment_status":"open","ping_status":"closed","template":"","meta":{"ngg_post_thumbnail":0},"acf":[],"_links":{"self":[{"href":"http:\/\/www.haleh-gallery.com\/de\/wp-json\/wp\/v2\/pages\/15"}],"collection":[{"href":"http:\/\/www.haleh-gallery.com\/de\/wp-json\/wp\/v2\/pages"}],"about":[{"href":"http:\/\/www.haleh-gallery.com\/de\/wp-json\/wp\/v2\/types\/page"}],"author":[{"embeddable":true,"href":"http:\/\/www.haleh-gallery.com\/de\/wp-json\/wp\/v2\/users\/1"}],"replies":[{"embeddable":true,"href":"http:\/\/www.haleh-gallery.com\/de\/wp-json\/wp\/v2\/comments?post=15"}],"version-history":[{"count":24,"href":"http:\/\/www.haleh-gallery.com\/de\/wp-json\/wp\/v2\/pages\/15\/revisions"}],"predecessor-version":[{"id":2292,"href":"http:\/\/www.haleh-gallery.com\/de\/wp-json\/wp\/v2\/pages\/15\/revisions\/2292"}],"wp:attachment":[{"href":"http:\/\/www.haleh-gallery.com\/de\/wp-json\/wp\/v2\/media?parent=15"}],"curies":[{"name":"wp","href":"https:\/\/api.w.org\/{rel}","templated":true}]}}