{"id":2,"date":"2012-06-08T10:24:59","date_gmt":"2012-06-08T10:24:59","guid":{"rendered":"http:\/\/www.haleh-gallery.com\/?page_id=2"},"modified":"2021-04-08T12:30:18","modified_gmt":"2021-04-08T10:30:18","slug":"gallery","status":"publish","type":"page","link":"http:\/\/www.haleh-gallery.com\/de\/gallery\/","title":{"rendered":"Galerie"},"content":{"rendered":"<p><\/p>\n<h2>Contemporary Art<\/h2>\n<p><a href=\"http:\/\/www.haleh-gallery.com\/wp-content\/uploads\/2021\/04\/Haleh-Gallery-2021.jpg\"><img decoding=\"async\" loading=\"lazy\" class=\"aligncenter wp-image-2559 \" title=\"gallerynew\" src=\"http:\/\/www.haleh-gallery.com\/wp-content\/uploads\/2021\/04\/Haleh-Gallery-2021-300x141.jpg\" alt=\"\" width=\"591\" height=\"278\" srcset=\"http:\/\/www.haleh-gallery.com\/wp-content\/uploads\/2021\/04\/Haleh-Gallery-2021-300x141.jpg 300w, http:\/\/www.haleh-gallery.com\/wp-content\/uploads\/2021\/04\/Haleh-Gallery-2021.jpg 590w\" sizes=\"(max-width: 591px) 100vw, 591px\" \/><\/a><\/p>\n<p>Unsere Ausstellungen richten sich sowohl an private Sammler als auch an Institutionen, die sich f\u00fcr zeitgen\u00f6ssische Kunst interessieren. In regelm\u00e4\u00dfigen Intervallen zeigen wir unabh\u00e4ngige Str\u00f6mungen der zeitgen\u00f6ssischen Kunstszene. Wir schlagen eine Br\u00fccke zwischen Orient und Okzident und profitieren sowohl von den Unterschieden als auch von Gemeinsamkeiten.<\/p>","protected":false},"excerpt":{"rendered":"<p>Contemporary Art Unsere Ausstellungen richten sich sowohl an private Sammler als auch an Institutionen, die sich f\u00fcr zeitgen\u00f6ssische Kunst interessieren. In regelm\u00e4\u00dfigen Intervallen zeigen wir unabh\u00e4ngige Str\u00f6mungen der zeitgen\u00f6ssischen Kunstszene. Wir schlagen eine Br\u00fccke zwischen Orient und Okzident und profitieren [&hellip;]<\/p>\n","protected":false},"author":1,"featured_media":0,"parent":0,"menu_order":0,"comment_status":"open","ping_status":"closed","template":"","meta":{"ngg_post_thumbnail":0},"acf":[],"_links":{"self":[{"href":"http:\/\/www.haleh-gallery.com\/de\/wp-json\/wp\/v2\/pages\/2"}],"collection":[{"href":"http:\/\/www.haleh-gallery.com\/de\/wp-json\/wp\/v2\/pages"}],"about":[{"href":"http:\/\/www.haleh-gallery.com\/de\/wp-json\/wp\/v2\/types\/page"}],"author":[{"embeddable":true,"href":"http:\/\/www.haleh-gallery.com\/de\/wp-json\/wp\/v2\/users\/1"}],"replies":[{"embeddable":true,"href":"http:\/\/www.haleh-gallery.com\/de\/wp-json\/wp\/v2\/comments?post=2"}],"version-history":[{"count":38,"href":"http:\/\/www.haleh-gallery.com\/de\/wp-json\/wp\/v2\/pages\/2\/revisions"}],"predecessor-version":[{"id":2561,"href":"http:\/\/www.haleh-gallery.com\/de\/wp-json\/wp\/v2\/pages\/2\/revisions\/2561"}],"wp:attachment":[{"href":"http:\/\/www.haleh-gallery.com\/de\/wp-json\/wp\/v2\/media?parent=2"}],"curies":[{"name":"wp","href":"https:\/\/api.w.org\/{rel}","templated":true}]}}