{"id":18,"date":"2012-06-08T12:10:56","date_gmt":"2012-06-08T12:10:56","guid":{"rendered":"http:\/\/www.haleh-gallery.com\/?page_id=18"},"modified":"2023-03-31T09:46:14","modified_gmt":"2023-03-31T07:46:14","slug":"contact","status":"publish","type":"page","link":"https:\/\/www.haleh-gallery.com\/de\/contact\/","title":{"rendered":"Kontakt"},"content":{"rendered":"<p><a href=\"http:\/\/www.haleh-gallery.com\/wp-content\/uploads\/2020\/09\/IMG_7444.jpg\"><img decoding=\"async\" loading=\"lazy\" class=\"wp-image-2479 alignright\" title=\"halehheydari\" src=\"http:\/\/www.haleh-gallery.com\/wp-content\/uploads\/2020\/09\/IMG_7444-236x300.jpg\" alt=\"\" width=\"117\" height=\"149\" srcset=\"https:\/\/www.haleh-gallery.com\/wp-content\/uploads\/2020\/09\/IMG_7444-236x300.jpg 236w, https:\/\/www.haleh-gallery.com\/wp-content\/uploads\/2020\/09\/IMG_7444-768x977.jpg 768w, https:\/\/www.haleh-gallery.com\/wp-content\/uploads\/2020\/09\/IMG_7444-805x1024.jpg 805w, https:\/\/www.haleh-gallery.com\/wp-content\/uploads\/2020\/09\/IMG_7444.jpg 1006w\" sizes=\"(max-width: 117px) 100vw, 117px\" \/><\/a><\/p>\n<p>We\u2019d love to hear from you. Please use the form below or contact us at:<\/p>\n<p><strong>HALEH GALLERY<\/strong><\/p>\n<p><strong>Haleh Heydari<\/strong><\/p>\n<p>Aufkirchnerstr. 4<\/p>\n<p>82335 Berg am Starnberger See<\/p>\n<p>Deutschland<\/p>\n<p>&nbsp;<\/p>\n<p><a href=\"mailto:mail@haleh-gallery.com\">mail@haleh-gallery.com<\/a><\/p>\n<p>www.haleh-gallery.com<\/p>\n<p><strong>Opening hours:&nbsp;<\/strong>by appointment through email adr. mail@haleh-gallery.com<\/p>\n<p>Am 25. Mai 2018 tritt die EU-Datenschutz-Grundverordnung (DSGVO) in Kraft. In diesem Zusammenhang m\u00f6chten wir Ihnen versichern, dass wir Ihre pers\u00f6nlichen Daten (Name und Emailadresse) ausschliesslich zum Zweck des digitalen Newsletter-Versandes verwenden und nicht an Dritte weitergeben.&nbsp;Wenn Ihre erfolgte Einwilligung, Ihnen Newsletter zu senden, weiterhin g\u00fcltig ist, brauchen Sie nichts weiter zu unternehmen. Sie erteilen uns damit die Genehmigung, Sie weiterhin \u00fcber unsere Aktivit\u00e4ten zu informieren.&nbsp;Sollte dem nicht so sein,&nbsp;&nbsp;senden Sie uns bitte eine Email&nbsp;mit dem Betreff &#8222;unsubscribe&#8220;.<\/p>\n<p>DISCLAIMER<\/p>\n<p>Notice of Liability: Despite careful control, we cannot accept any liability for the content of the linked pages. The operators of linked pages are solely responsible for their contents. The operator of this website cannot guarantee that this website or linked pages will be free of harmful contents. Therefore the operator of this website disclaims any sort of liability regarding all negligently caused disadvantage and subsequent damage which might originate in using the provided information.<\/p>\n<p>COPYRIGHT \u00a9 2010 Haleh Gallery. All rights reserved. The featured artists and authors own the copyright of all their images and texts. Without explicit written approval, no part of the Haleh Gallery website may be reproduced, dispersed or used in any other way.<\/p>","protected":false},"excerpt":{"rendered":"<p>We\u2019d love to hear from you. Please use the form below or contact us at: HALEH GALLERY Haleh Heydari Aufkirchnerstr. 4 82335 Berg am Starnberger See Deutschland &nbsp; mail@haleh-gallery.com www.haleh-gallery.com Opening hours:&nbsp;by appointment through email adr. mail@haleh-gallery.com Am 25. Mai [&hellip;]<\/p>\n","protected":false},"author":1,"featured_media":0,"parent":0,"menu_order":6,"comment_status":"open","ping_status":"closed","template":"","meta":{"ngg_post_thumbnail":0},"acf":[],"_links":{"self":[{"href":"https:\/\/www.haleh-gallery.com\/de\/wp-json\/wp\/v2\/pages\/18"}],"collection":[{"href":"https:\/\/www.haleh-gallery.com\/de\/wp-json\/wp\/v2\/pages"}],"about":[{"href":"https:\/\/www.haleh-gallery.com\/de\/wp-json\/wp\/v2\/types\/page"}],"author":[{"embeddable":true,"href":"https:\/\/www.haleh-gallery.com\/de\/wp-json\/wp\/v2\/users\/1"}],"replies":[{"embeddable":true,"href":"https:\/\/www.haleh-gallery.com\/de\/wp-json\/wp\/v2\/comments?post=18"}],"version-history":[{"count":35,"href":"https:\/\/www.haleh-gallery.com\/de\/wp-json\/wp\/v2\/pages\/18\/revisions"}],"predecessor-version":[{"id":2611,"href":"https:\/\/www.haleh-gallery.com\/de\/wp-json\/wp\/v2\/pages\/18\/revisions\/2611"}],"wp:attachment":[{"href":"https:\/\/www.haleh-gallery.com\/de\/wp-json\/wp\/v2\/media?parent=18"}],"curies":[{"name":"wp","href":"https:\/\/api.w.org\/{rel}","templated":true}]}}